{"id":5930,"date":"2024-12-30T18:48:15","date_gmt":"2024-12-30T18:48:15","guid":{"rendered":"https:\/\/r3stemcell.com\/turkey\/privacy-statement-eu\/"},"modified":"2024-12-30T18:48:15","modified_gmt":"2024-12-30T18:48:15","slug":"privacy-statement-eu","status":"publish","type":"page","link":"https:\/\/r3stemcell.com\/turkey\/tr\/privacy-statement-eu\/","title":{"rendered":"Privacy Statement (EU)"},"content":{"rendered":"<!-- Legal document generated by Complianz | GDPR\/CCPA Cookie Consent https:\/\/wordpress.org\/plugins\/complianz-gdpr -->\n<div id=\"cmplz-document\" class=\"cmplz-document privacy-statement cmplz-document-eu\"><p><i>Bu gizlilik bildirimi en son Aral\u0131k 30, 2024 tarihinde g\u00fcncellendi ve Avrupa Ekonomik Alan\u0131 vatanda\u015flar\u0131 i\u00e7in ge\u00e7erlidir.<\/i><br \/><br \/><\/p><p><p>Bu gizlilik bildiriminde, sizinle ilgili elde etti\u011fimiz verilerle <a href=\"https:\/\/r3stemcell.com\/turkey\/tr\">https:\/\/r3stemcell.com\/turkey\/tr<\/a> arac\u0131l\u0131\u011f\u0131yla neler yapt\u0131\u011f\u0131m\u0131z\u0131 a\u00e7\u0131kl\u0131yoruz. Bu bildirimi dikkatlice okuman\u0131z\u0131 \u00f6neririz. \u0130\u015flemimizde gizlilik mevzuat\u0131n\u0131n gerekliliklerine uyuyoruz. Bu, di\u011fer \u015feylerin yan\u0131 s\u0131ra, \u015fu anlama gelir:<\/p><ul>\n                <li>ki\u015fisel verileri ama\u00e7lad\u0131\u011f\u0131m\u0131z ama\u00e7lar\u0131 a\u00e7\u0131k\u00e7a belirtiyoruz. Bunu bu gizlilik bildirimi ile yap\u0131yoruz;<\/li>\n                <li>ki\u015fisel veri koleksiyonumuzu yaln\u0131zca me\u015fru ama\u00e7lar i\u00e7in gerekli olan ki\u015fisel verilerle s\u0131n\u0131rlamay\u0131 hedefliyoruz;<\/li>\n                <li>\u00f6ncelikle sizin onay\u0131n\u0131z\u0131 gerektiren durumlarda ki\u015fisel verilerinizi i\u015flemek i\u00e7in a\u00e7\u0131k onay\u0131n\u0131z\u0131 isteriz;<\/li>\n                <li>ki\u015fisel verilerinizi korumak i\u00e7in uygun g\u00fcvenlik \u00f6nlemleri al\u0131yoruz ve ayr\u0131ca ki\u015fisel verileri bizim ad\u0131m\u0131za i\u015fleyen taraflardan talep ediyoruz;<\/li>\n                <li>iste\u011finiz \u00fczerine ki\u015fisel verilerinize eri\u015fme veya d\u00fczeltilmesini veya silinmesini sa\u011flama hakk\u0131n\u0131za sayg\u0131 duyuyoruz.<\/li>\n            <\/ul><p>Herhangi bir sorunuz varsa veya sizin i\u00e7in hangi verileri saklad\u0131\u011f\u0131m\u0131z\u0131 tam olarak bilmek istiyorsan\u0131z, l\u00fctfen bizimle ileti\u015fime ge\u00e7in.<\/p><\/p><h2>1. Ama\u00e7, veri ve saklama s\u00fcresi<\/h2>We may collect or receive personal information for a number of purposes connected with our business operations which may include the following: (click to expand)<details class=\"cmplz-dropdown dropdown-privacy-statement\"><summary><div><h3>1.1 \u0130leti\u015fim - Telefon, posta, e-posta ve\/veya web formlar\u0131 arac\u0131l\u0131\u011f\u0131yla<\/h3><\/div><\/summary><p class=\"cmplz-subtitle\">Bu ama\u00e7la a\u015fa\u011f\u0131daki verileri kullan\u0131yoruz:<\/p><p><ul><li>Ad\u0131 ve soyad\u0131<\/li><li>Bir e-posta adresi<\/li><li>Bir telefon numaras\u0131<\/li><\/ul><\/p><p class=\"cmplz-subtitle\">Bu verileri i\u015fleyebilece\u011fimiz temel:<\/p><p><a target=\"_blank\" rel=\"noopener noreferrer nofollow\" href=\"https:\/\/cookiedatabase.org\/legal-bases\/#obligation\">For compliance with a legal or regulatory obligation.<\/a><\/p><p class=\"cmplz-subtitle\">Saklama s\u00fcresi<\/p><p>Hizmet sona erene kadar bu verileri saklar\u0131z.<\/p><\/details><details class=\"cmplz-dropdown dropdown-privacy-statement\"><summary><div><h3>1.2 Yasal y\u00fck\u00fcml\u00fcl\u00fcklere uyabilme<\/h3><\/div><\/summary><p class=\"cmplz-subtitle\">Bu ama\u00e7la a\u015fa\u011f\u0131daki verileri kullan\u0131yoruz:<\/p><p><ul><li>Bir e-posta adresi<\/li><li>Bir telefon numaras\u0131<\/li><li>Ad\u0131 ve soyad\u0131<\/li><\/ul><\/p><p class=\"cmplz-subtitle\">Bu verileri i\u015fleyebilece\u011fimiz temel:<\/p><p><a target=\"_blank\" rel=\"noopener noreferrer nofollow\" href=\"https:\/\/cookiedatabase.org\/legal-bases\/#obligation\">For compliance with a legal or regulatory obligation.<\/a><\/p><p class=\"cmplz-subtitle\">Saklama s\u00fcresi<\/p><p>Hizmet sona erene kadar bu verileri saklar\u0131z.<\/p><\/details><details class=\"cmplz-dropdown dropdown-privacy-statement\"><summary><div><h3>1.3 Web sitesi geli\u015ftirmek i\u00e7in istatistikleri derleme ve analiz etme.<\/h3><\/div><\/summary><p class=\"cmplz-subtitle\">Bu ama\u00e7la a\u015fa\u011f\u0131daki verileri kullan\u0131yoruz:<\/p><p><ul><li>Ad\u0131 ve soyad\u0131<\/li><li>Bir e-posta adresi<\/li><li>Bir telefon numaras\u0131<\/li><\/ul><\/p><p class=\"cmplz-subtitle\">Bu verileri i\u015fleyebilece\u011fimiz temel:<\/p><p><a target=\"_blank\" rel=\"noopener noreferrer nofollow\" href=\"https:\/\/cookiedatabase.org\/legal-bases\/#obligation\">For compliance with a legal or regulatory obligation.<\/a><\/p><p class=\"cmplz-subtitle\">Saklama s\u00fcresi<\/p><p>Hizmet sona erene kadar bu verileri saklar\u0131z.<\/p><\/details><details class=\"cmplz-dropdown dropdown-privacy-statement\"><summary><div><h3>1.4 To be able to offer personalized products and services<\/h3><\/div><\/summary><p class=\"cmplz-subtitle\">Bu ama\u00e7la a\u015fa\u011f\u0131daki verileri kullan\u0131yoruz:<\/p><p><ul><li>Ad\u0131 ve soyad\u0131<\/li><li>Bir e-posta adresi<\/li><li>Bir telefon numaras\u0131<\/li><\/ul><\/p><p class=\"cmplz-subtitle\">Bu verileri i\u015fleyebilece\u011fimiz temel:<\/p><p><a target=\"_blank\" rel=\"noopener noreferrer nofollow\" href=\"https:\/\/cookiedatabase.org\/legal-bases\/#obligation\">For compliance with a legal or regulatory obligation.<\/a><\/p><p class=\"cmplz-subtitle\">Saklama s\u00fcresi<\/p><p>Hizmet sona erene kadar bu verileri saklar\u0131z.<\/p><\/details><h2>2. \u00c7erezler<\/h2><p>Our website uses cookies. For more information about cookies, please refer to our <a href=\"https:\/\/r3stemcell.com\/turkey\/tr\/cookie-policy-eu\/\">Cookie Policy<\/a>.&nbsp;<\/p><h2>3. Disclosure practices<\/h2><p><p>We disclose personal information if we are required by law or by a court order, in response to a law enforcement agency, to the extent permitted under other provisions of law, to provide information, or for an investigation on a matter related to public safety.<\/p><p>If our website or organisation is taken over, sold, or involved in a merger or acquisition, your details may be disclosed to our advisers and any prospective purchasers and will be passed on to the new owners.<\/p><\/p><h2>4. G\u00fcvenlik<\/h2><p>We are committed to the security of personal data. We take appropriate security measures to limit abuse of and unauthorized access to personal data. This ensures that only the necessary persons have access to your data, that access to the data is protected, and that our security measures are regularly reviewed.<\/p><h2>5. Third-party websites<\/h2><p>This privacy statement does not apply to third-party websites connected by links on our website. We cannot guarantee that these third parties handle your personal data in a reliable or secure manner. We recommend you read the privacy statements of these websites prior to making use of these websites.<\/p><h2>6. Bu gizlilik bildirimindeki de\u011fi\u015fiklikler<\/h2><p>Bu gizlilik bildiriminde de\u011fi\u015fiklik yapma hakk\u0131m\u0131z sakl\u0131d\u0131r. De\u011fi\u015fikliklerden haberdar olmak i\u00e7in bu gizlilik bildirimine d\u00fczenli olarak ba\u015fvurman\u0131z \u00f6nerilir. Ayr\u0131ca, m\u00fcmk\u00fcn olan her yerde sizi aktif olarak bilgilendirece\u011fiz.<\/p><h2>7. Verilerinize eri\u015fme ve verilerinizi de\u011fi\u015ftirme<\/h2><p>Herhangi bir sorunuz varsa veya hakk\u0131n\u0131zda hangi ki\u015fisel verilerimiz oldu\u011funu bilmek istiyorsan\u0131z, l\u00fctfen bizimle ileti\u015fime ge\u00e7in. A\u015fa\u011f\u0131daki bilgileri kullanarak bizimle ileti\u015fime ge\u00e7ebilirsiniz. A\u015fa\u011f\u0131daki haklara sahipsiniz:<\/p><ul>\n                <li>Ki\u015fisel verilerinize neden ihtiya\u00e7 duyuldu\u011funu, ne olaca\u011f\u0131n\u0131 ve ne kadar s\u00fcreyle saklanaca\u011f\u0131n\u0131 bilme hakk\u0131na sahipsiniz.<\/li>\n                <li>Eri\u015fim hakk\u0131: Bizim taraf\u0131m\u0131zdan bilinen ki\u015fisel verilerinize eri\u015fme hakk\u0131na sahipsiniz.<\/li>\n                <li>D\u00fczeltme hakk\u0131: ki\u015fisel verilerinizi diledi\u011finiz zaman tamamlama, d\u00fczeltme, silme veya engelleme hakk\u0131na sahipsiniz.<\/li>\n                <li>Bize verilerinizi i\u015fleme izninizi verirseniz, bu r\u0131zay\u0131 iptal etme ve ki\u015fisel verilerinizi silme hakk\u0131n\u0131z vard\u0131r.<\/li>\n                <li>Verilerinizi aktarma hakk\u0131: t\u00fcm ki\u015fisel verilerinizi denetleyiciden talep etme ve b\u00fct\u00fcn\u00fcyle ba\u015fka bir denetleyiciye aktarma hakk\u0131na sahipsiniz.<\/li>\n                <li>\u0130tiraz hakk\u0131: verilerinizin i\u015flenmesine itiraz edebilirsiniz. \u0130\u015fleme i\u00e7in hakl\u0131 gerek\u00e7eler olmad\u0131k\u00e7a buna uyuyoruz.<\/li>\n            <\/ul><p>L\u00fctfen kim oldu\u011funuzu a\u00e7\u0131k\u00e7a belirtti\u011finizden emin olun, b\u00f6ylece yanl\u0131\u015f ki\u015finin verilerini de\u011fi\u015ftirmedi\u011fimizden veya silmedi\u011fimizden emin olabiliriz.<\/p><h2>8. \u015eikayet g\u00f6nderme<\/h2><p>Ki\u015fisel verilerinizin i\u015flenme bi\u00e7iminden memnun de\u011filseniz (\u015fikayet\u00e7iyseniz), Veri Koruma Kurumu'na \u015fikayette bulunma hakk\u0131na sahipsiniz.<\/p><h2>9. \u0130leti\u015fim detaylar\u0131<\/h2><p>R3 Stem Cell<br \/>\n        Vi\u015fnezade Mahallesi Bay\u0131ld\u0131m Cd. No:14 BALIKLI APT. KAT:1 D:3 34357 Be\u015fikta\u015f\/\u0130stanbul<br \/>\n        T\u00fcrkiye<br \/>\n        \u0130nternet Sitesi: <a href=\"https:\/\/r3stemcell.com\/turkey\/tr\">https:\/\/r3stemcell.com\/turkey\/tr<\/a> <br \/>\n        E-posta &#105;&#110;fo&#064;r&#051;stem&#099;e&#108;&#108;&#046;co&#109; <br \/>\n        Phone number: +908503901805<\/p><\/div>","protected":false},"excerpt":{"rendered":"","protected":false},"author":2,"featured_media":0,"parent":0,"menu_order":0,"comment_status":"closed","ping_status":"closed","template":"","meta":{"site-sidebar-layout":"default","site-content-layout":"","ast-site-content-layout":"","site-content-style":"default","site-sidebar-style":"default","ast-global-header-display":"","ast-banner-title-visibility":"","ast-main-header-display":"","ast-hfb-above-header-display":"","ast-hfb-below-header-display":"","ast-hfb-mobile-header-display":"","site-post-title":"","ast-breadcrumbs-content":"","ast-featured-img":"","footer-sml-layout":"","theme-transparent-header-meta":"","adv-header-id-meta":"","stick-header-meta":"","header-above-stick-meta":"","header-main-stick-meta":"","header-below-stick-meta":"","astra-migrate-meta-layouts":"default","ast-page-background-enabled":"default","ast-page-background-meta":{"desktop":{"background-color":"var(--ast-global-color-4)","background-image":"","background-repeat":"repeat","background-position":"center center","background-size":"auto","background-attachment":"scroll","background-type":"","background-media":"","overlay-type":"","overlay-color":"","overlay-gradient":""},"tablet":{"background-color":"","background-image":"","background-repeat":"repeat","background-position":"center center","background-size":"auto","background-attachment":"scroll","background-type":"","background-media":"","overlay-type":"","overlay-color":"","overlay-gradient":""},"mobile":{"background-color":"","background-image":"","background-repeat":"repeat","background-position":"center center","background-size":"auto","background-attachment":"scroll","background-type":"","background-media":"","overlay-type":"","overlay-color":"","overlay-gradient":""}},"ast-content-background-meta":{"desktop":{"background-color":"var(--ast-global-color-5)","background-image":"","background-repeat":"repeat","background-position":"center center","background-size":"auto","background-attachment":"scroll","background-type":"","background-media":"","overlay-type":"","overlay-color":"","overlay-gradient":""},"tablet":{"background-color":"var(--ast-global-color-5)","background-image":"","background-repeat":"repeat","background-position":"center center","background-size":"auto","background-attachment":"scroll","background-type":"","background-media":"","overlay-type":"","overlay-color":"","overlay-gradient":""},"mobile":{"background-color":"var(--ast-global-color-5)","background-image":"","background-repeat":"repeat","background-position":"center center","background-size":"auto","background-attachment":"scroll","background-type":"","background-media":"","overlay-type":"","overlay-color":"","overlay-gradient":""}},"footnotes":""},"class_list":["post-5930","page","type-page","status-publish","hentry"],"_links":{"self":[{"href":"https:\/\/r3stemcell.com\/turkey\/tr\/wp-json\/wp\/v2\/pages\/5930","targetHints":{"allow":["GET"]}}],"collection":[{"href":"https:\/\/r3stemcell.com\/turkey\/tr\/wp-json\/wp\/v2\/pages"}],"about":[{"href":"https:\/\/r3stemcell.com\/turkey\/tr\/wp-json\/wp\/v2\/types\/page"}],"author":[{"embeddable":true,"href":"https:\/\/r3stemcell.com\/turkey\/tr\/wp-json\/wp\/v2\/users\/2"}],"replies":[{"embeddable":true,"href":"https:\/\/r3stemcell.com\/turkey\/tr\/wp-json\/wp\/v2\/comments?post=5930"}],"version-history":[{"count":0,"href":"https:\/\/r3stemcell.com\/turkey\/tr\/wp-json\/wp\/v2\/pages\/5930\/revisions"}],"wp:attachment":[{"href":"https:\/\/r3stemcell.com\/turkey\/tr\/wp-json\/wp\/v2\/media?parent=5930"}],"curies":[{"name":"wp","href":"https:\/\/api.w.org\/{rel}","templated":true}]}}