{"id":4142,"date":"2024-06-24T11:11:05","date_gmt":"2024-06-24T11:11:05","guid":{"rendered":"https:\/\/demo.googchecker.com\/?page_id=4142"},"modified":"2026-02-22T20:27:48","modified_gmt":"2026-02-22T20:27:48","slug":"faqs","status":"publish","type":"page","link":"https:\/\/r3stemcell.com\/turkey\/tr\/faqs\/","title":{"rendered":"FAQS"},"content":{"rendered":"<div data-elementor-type=\"wp-page\" data-elementor-id=\"4142\" class=\"elementor elementor-4142\" data-elementor-post-type=\"page\">\n\t\t\t\t\t\t<section class=\"elementor-section elementor-top-section elementor-element elementor-element-be0b570 elementor-section-stretched elementor-section-height-min-height elementor-section-full_width elementor-section-height-default elementor-section-items-middle\" data-id=\"be0b570\" data-element_type=\"section\" data-settings=\"{&quot;stretch_section&quot;:&quot;section-stretched&quot;,&quot;background_background&quot;:&quot;classic&quot;}\">\n\t\t\t\t\t\t<div class=\"elementor-container elementor-column-gap-no\">\n\t\t\t\t\t<div class=\"elementor-column elementor-col-100 elementor-top-column elementor-element elementor-element-d75fb60\" data-id=\"d75fb60\" data-element_type=\"column\">\n\t\t\t<div class=\"elementor-widget-wrap\">\n\t\t\t\t\t\t\t<\/div>\n\t\t<\/div>\n\t\t\t\t\t<\/div>\n\t\t<\/section>\n\t\t\t\t<section class=\"elementor-section elementor-top-section elementor-element elementor-element-5e8c6a0 elementor-section-stretched elementor-section-boxed elementor-section-height-default elementor-section-height-default\" data-id=\"5e8c6a0\" data-element_type=\"section\" data-settings=\"{&quot;stretch_section&quot;:&quot;section-stretched&quot;,&quot;background_background&quot;:&quot;classic&quot;}\">\n\t\t\t\t\t\t<div class=\"elementor-container elementor-column-gap-default\">\n\t\t\t\t\t<div class=\"elementor-column elementor-col-100 elementor-top-column elementor-element elementor-element-953de1e\" data-id=\"953de1e\" data-element_type=\"column\">\n\t\t\t<div class=\"elementor-widget-wrap elementor-element-populated\">\n\t\t\t\t\t\t<div class=\"elementor-element elementor-element-175f3b5 elementor-widget elementor-widget-heading\" data-id=\"175f3b5\" data-element_type=\"widget\" data-widget_type=\"heading.default\">\n\t\t\t\t<div class=\"elementor-widget-container\">\n\t\t\t<style>\/*! elementor - v3.23.0 - 05-08-2024 *\/\n.elementor-heading-title{padding:0;margin:0;line-height:1}.elementor-widget-heading .elementor-heading-title[class*=elementor-size-]>a{color:inherit;font-size:inherit;line-height:inherit}.elementor-widget-heading .elementor-heading-title.elementor-size-small{font-size:15px}.elementor-widget-heading .elementor-heading-title.elementor-size-medium{font-size:19px}.elementor-widget-heading .elementor-heading-title.elementor-size-large{font-size:29px}.elementor-widget-heading .elementor-heading-title.elementor-size-xl{font-size:39px}.elementor-widget-heading .elementor-heading-title.elementor-size-xxl{font-size:59px}<\/style><h1 class=\"elementor-heading-title elementor-size-default\">FAQ\u2019s on Regenerative Medicine and Stem Cell Therapies.\n<\/h1>\t\t<\/div>\n\t\t\t\t<\/div>\n\t\t\t\t<div class=\"elementor-element elementor-element-029fd56 elementor-widget elementor-widget-accordion\" data-id=\"029fd56\" data-element_type=\"widget\" data-widget_type=\"accordion.default\">\n\t\t\t\t<div class=\"elementor-widget-container\">\n\t\t\t<style>\/*! elementor - v3.23.0 - 05-08-2024 *\/\n.elementor-accordion{text-align:start}.elementor-accordion .elementor-accordion-item{border:1px solid #d5d8dc}.elementor-accordion .elementor-accordion-item+.elementor-accordion-item{border-top:none}.elementor-accordion .elementor-tab-title{margin:0;padding:15px 20px;font-weight:700;line-height:1;cursor:pointer;outline:none}.elementor-accordion .elementor-tab-title .elementor-accordion-icon{display:inline-block;width:1.5em}.elementor-accordion .elementor-tab-title .elementor-accordion-icon svg{width:1em;height:1em}.elementor-accordion .elementor-tab-title .elementor-accordion-icon.elementor-accordion-icon-right{float:right;text-align:right}.elementor-accordion .elementor-tab-title .elementor-accordion-icon.elementor-accordion-icon-left{float:left;text-align:left}.elementor-accordion .elementor-tab-title .elementor-accordion-icon .elementor-accordion-icon-closed{display:block}.elementor-accordion .elementor-tab-title .elementor-accordion-icon .elementor-accordion-icon-opened,.elementor-accordion .elementor-tab-title.elementor-active .elementor-accordion-icon-closed{display:none}.elementor-accordion .elementor-tab-title.elementor-active .elementor-accordion-icon-opened{display:block}.elementor-accordion .elementor-tab-content{display:none;padding:15px 20px;border-top:1px solid #d5d8dc}@media (max-width:767px){.elementor-accordion .elementor-tab-title{padding:12px 15px}.elementor-accordion .elementor-tab-title .elementor-accordion-icon{width:1.2em}.elementor-accordion .elementor-tab-content{padding:7px 15px}}.e-con-inner>.elementor-widget-accordion,.e-con>.elementor-widget-accordion{width:var(--container-widget-width);--flex-grow:var(--container-widget-flex-grow)}<\/style>\t\t<div class=\"elementor-accordion\">\n\t\t\t\t\t\t\t<div class=\"elementor-accordion-item\">\n\t\t\t\t\t<h5 id=\"elementor-tab-title-2751\" class=\"elementor-tab-title\" data-tab=\"1\" role=\"button\" aria-controls=\"elementor-tab-content-2751\" aria-expanded=\"false\">\n\t\t\t\t\t\t\t\t\t\t\t\t\t<span class=\"elementor-accordion-icon elementor-accordion-icon-left\" aria-hidden=\"true\">\n\t\t\t\t\t\t\t\t\t\t\t\t\t\t\t<span class=\"elementor-accordion-icon-closed\"><svg class=\"e-font-icon-svg e-fas-plus\" viewbox=\"0 0 448 512\" xmlns=\"http:\/\/www.w3.org\/2000\/svg\"><path d=\"M416 208H272V64c0-17.67-14.33-32-32-32h-32c-17.67 0-32 14.33-32 32v144H32c-17.67 0-32 14.33-32 32v32c0 17.67 14.33 32 32 32h144v144c0 17.67 14.33 32 32 32h32c17.67 0 32-14.33 32-32V304h144c17.67 0 32-14.33 32-32v-32c0-17.67-14.33-32-32-32z\"><\/path><\/svg><\/span>\n\t\t\t\t\t\t\t\t<span class=\"elementor-accordion-icon-opened\"><svg class=\"e-font-icon-svg e-fas-minus\" viewbox=\"0 0 448 512\" xmlns=\"http:\/\/www.w3.org\/2000\/svg\"><path d=\"M416 208H32c-17.67 0-32 14.33-32 32v32c0 17.67 14.33 32 32 32h384c17.67 0 32-14.33 32-32v-32c0-17.67-14.33-32-32-32z\"><\/path><\/svg><\/span>\n\t\t\t\t\t\t\t\t\t\t\t\t\t\t<\/span>\n\t\t\t\t\t\t\t\t\t\t\t\t<a class=\"elementor-accordion-title\" tabindex=\"0\">K\u00f6k H\u00fccreler Nelerdir?<\/a>\n\t\t\t\t\t<\/h5>\n\t\t\t\t\t<div id=\"elementor-tab-content-2751\" class=\"elementor-tab-content elementor-clearfix\" data-tab=\"1\" role=\"region\" aria-labelledby=\"elementor-tab-title-2751\"><p>K\u00f6k h\u00fccreler dokular\u0131m\u0131z\u0131 ve organlar\u0131m\u0131z\u0131 olu\u015fturur. Son derece uzmand\u0131rlar ve v\u00fccutta bulunurlar. \u00c7o\u011falma ve farkl\u0131la\u015fma yetene\u011fine sahiptirler, bu da v\u00fccuttaki \u00e7e\u015fitli doku ve h\u00fccreleri \u00e7o\u011faltabildikleri ve taklit edebildikleri anlam\u0131na gelir.<\/p><\/div>\n\t\t\t\t<\/div>\n\t\t\t\t\t\t\t<div class=\"elementor-accordion-item\">\n\t\t\t\t\t<h5 id=\"elementor-tab-title-2752\" class=\"elementor-tab-title\" data-tab=\"2\" role=\"button\" aria-controls=\"elementor-tab-content-2752\" aria-expanded=\"false\">\n\t\t\t\t\t\t\t\t\t\t\t\t\t<span class=\"elementor-accordion-icon elementor-accordion-icon-left\" aria-hidden=\"true\">\n\t\t\t\t\t\t\t\t\t\t\t\t\t\t\t<span class=\"elementor-accordion-icon-closed\"><svg class=\"e-font-icon-svg e-fas-plus\" viewbox=\"0 0 448 512\" xmlns=\"http:\/\/www.w3.org\/2000\/svg\"><path d=\"M416 208H272V64c0-17.67-14.33-32-32-32h-32c-17.67 0-32 14.33-32 32v144H32c-17.67 0-32 14.33-32 32v32c0 17.67 14.33 32 32 32h144v144c0 17.67 14.33 32 32 32h32c17.67 0 32-14.33 32-32V304h144c17.67 0 32-14.33 32-32v-32c0-17.67-14.33-32-32-32z\"><\/path><\/svg><\/span>\n\t\t\t\t\t\t\t\t<span class=\"elementor-accordion-icon-opened\"><svg class=\"e-font-icon-svg e-fas-minus\" viewbox=\"0 0 448 512\" xmlns=\"http:\/\/www.w3.org\/2000\/svg\"><path d=\"M416 208H32c-17.67 0-32 14.33-32 32v32c0 17.67 14.33 32 32 32h384c17.67 0 32-14.33 32-32v-32c0-17.67-14.33-32-32-32z\"><\/path><\/svg><\/span>\n\t\t\t\t\t\t\t\t\t\t\t\t\t\t<\/span>\n\t\t\t\t\t\t\t\t\t\t\t\t<a class=\"elementor-accordion-title\" tabindex=\"0\">Farkl\u0131 K\u00f6k H\u00fccre T\u00fcrleri Nelerdir?<\/a>\n\t\t\t\t\t<\/h5>\n\t\t\t\t\t<div id=\"elementor-tab-content-2752\" class=\"elementor-tab-content elementor-clearfix\" data-tab=\"2\" role=\"region\" aria-labelledby=\"elementor-tab-title-2752\"><p><img fetchpriority=\"high\" decoding=\"async\" class=\"size-full wp-image-4154 alignleft\" src=\"https:\/\/r3stemcell.com\/turkey\/wp-content\/uploads\/2024\/06\/Older-Couple-walking-300x294-1.jpg\" alt=\"\" width=\"300\" height=\"294\" \/>Farkl\u0131 k\u00f6k h\u00fccre tedavileri farkl\u0131 k\u00f6k h\u00fccreler kullan\u0131r ve farkl\u0131 t\u00fcrleri vard\u0131r. Bu tipler kaynaklar\u0131na g\u00f6re kategorize edilir ve en yayg\u0131n ve tart\u0131\u015fmal\u0131 k\u00f6k h\u00fccrelerden biri embriyonik k\u00f6k h\u00fccrelerdir. Bu k\u00f6k h\u00fccreler, \u00fc\u00e7 ila be\u015f g\u00fcnl\u00fck embriyolardan elde edilir. Bunlar R3 Merkezlerinde kullan\u0131lmaz.<\/p><p>Adipoz dokular veya kemik ili\u011fi gibi \u00e7e\u015fitli yeti\u015fkin dokulardan t\u00fcretilen yeti\u015fkin k\u00f6k h\u00fccreler de vard\u0131r. Bu k\u00f6k h\u00fccreler, embriyonik k\u00f6k h\u00fccrelere k\u0131yasla s\u0131n\u0131rl\u0131 yeteneklere sahip olma e\u011filimindedir. Bununla birlikte, \u00f6zellikle \u00e7e\u015fitli kanser tedavilerinde kullan\u0131lan kemik ili\u011fi kaynakl\u0131 k\u00f6k h\u00fccreler olmak \u00fczere olduk\u00e7a faydal\u0131d\u0131rlar.<\/p><p>Uyar\u0131lm\u0131\u015f pluripotent k\u00f6k h\u00fccreler, embriyonik k\u00f6k h\u00fccre \u00f6zelliklerine sahip yeti\u015fkin k\u00f6k h\u00fccrelerdir. Bunlar genetik olarak yeniden programlanm\u0131\u015f k\u00f6k h\u00fccrelerdir. Perinatal k\u00f6k h\u00fccreler amniyotik s\u0131v\u0131da bulunur ve genellikle \u00e7ocuk do\u011fumu s\u0131ras\u0131nda hasat edilirler.<\/p><\/div>\n\t\t\t\t<\/div>\n\t\t\t\t\t\t\t<div class=\"elementor-accordion-item\">\n\t\t\t\t\t<h5 id=\"elementor-tab-title-2753\" class=\"elementor-tab-title\" data-tab=\"3\" role=\"button\" aria-controls=\"elementor-tab-content-2753\" aria-expanded=\"false\">\n\t\t\t\t\t\t\t\t\t\t\t\t\t<span class=\"elementor-accordion-icon elementor-accordion-icon-left\" aria-hidden=\"true\">\n\t\t\t\t\t\t\t\t\t\t\t\t\t\t\t<span class=\"elementor-accordion-icon-closed\"><svg class=\"e-font-icon-svg e-fas-plus\" viewbox=\"0 0 448 512\" xmlns=\"http:\/\/www.w3.org\/2000\/svg\"><path d=\"M416 208H272V64c0-17.67-14.33-32-32-32h-32c-17.67 0-32 14.33-32 32v144H32c-17.67 0-32 14.33-32 32v32c0 17.67 14.33 32 32 32h144v144c0 17.67 14.33 32 32 32h32c17.67 0 32-14.33 32-32V304h144c17.67 0 32-14.33 32-32v-32c0-17.67-14.33-32-32-32z\"><\/path><\/svg><\/span>\n\t\t\t\t\t\t\t\t<span class=\"elementor-accordion-icon-opened\"><svg class=\"e-font-icon-svg e-fas-minus\" viewbox=\"0 0 448 512\" xmlns=\"http:\/\/www.w3.org\/2000\/svg\"><path d=\"M416 208H32c-17.67 0-32 14.33-32 32v32c0 17.67 14.33 32 32 32h384c17.67 0 32-14.33 32-32v-32c0-17.67-14.33-32-32-32z\"><\/path><\/svg><\/span>\n\t\t\t\t\t\t\t\t\t\t\t\t\t\t<\/span>\n\t\t\t\t\t\t\t\t\t\t\t\t<a class=\"elementor-accordion-title\" tabindex=\"0\">K\u00f6k H\u00fccre Tedavileri ile Hangi Ko\u015fullar ve Hastal\u0131klar Tedavi Edilebilir?<\/a>\n\t\t\t\t\t<\/h5>\n\t\t\t\t\t<div id=\"elementor-tab-content-2753\" class=\"elementor-tab-content elementor-clearfix\" data-tab=\"3\" role=\"region\" aria-labelledby=\"elementor-tab-title-2753\"><p>K\u00f6k h\u00fccreler \u00e7ok \u00e7e\u015fitli hastal\u0131klar\u0131 tedavi edebilir ve buna iyi bir \u00f6rnek, ciddi yan\u0131klardan muzdarip hastalara a\u015f\u0131lamada yayg\u0131n olarak kullan\u0131lan deriden t\u00fcretilmi\u015f k\u00f6k h\u00fccrelerdir. Bununla birlikte, \u00e7o\u011fu k\u00f6k h\u00fccre tedavisi hala klinik a\u015famalar\u0131ndad\u0131r, ancak bu onlar\u0131n ne etkili ne de g\u00fcvenli olduklar\u0131 anlam\u0131na gelmez. K\u00f6k h\u00fccrelerin rejeneratif \u00f6zelliklere sahip oldu\u011fu ve bu nedenle v\u00fccuttaki \u00e7e\u015fitli hasarl\u0131 doku ve organlar\u0131 tedavi etmek i\u00e7in kullan\u0131ld\u0131\u011f\u0131 yayg\u0131n olarak bilinmektedir.<\/p><p>Bunlar aras\u0131nda cilt, kalp, pankreas, karaci\u011fer, kornea, omurilik, ba\u011flar, tendonlar, disk, k\u0131k\u0131rdak ve kemikler say\u0131labilir. Kemik ili\u011fi kaynakl\u0131 k\u00f6k h\u00fccreler, l\u00f6semi ve kanser gibi durumlar\u0131n tedavisinde kullan\u0131l\u0131rken, ya\u011f dokusu k\u00f6k h\u00fccreleri estetik t\u0131pta kullan\u0131lmaktad\u0131r. G\u00fcn\u00fcm\u00fczde \u00e7e\u015fitli tedavilerde farkl\u0131 k\u00f6k h\u00fccreler kullan\u0131lmaktad\u0131r ve bunlar sistemik hastal\u0131ktan kas-iskelet sistemine, n\u00f6rolojik, kardiyak, kozmetiklere kadar uzanmaktad\u0131r.<\/p><\/div>\n\t\t\t\t<\/div>\n\t\t\t\t\t\t\t<div class=\"elementor-accordion-item\">\n\t\t\t\t\t<h5 id=\"elementor-tab-title-2754\" class=\"elementor-tab-title\" data-tab=\"4\" role=\"button\" aria-controls=\"elementor-tab-content-2754\" aria-expanded=\"false\">\n\t\t\t\t\t\t\t\t\t\t\t\t\t<span class=\"elementor-accordion-icon elementor-accordion-icon-left\" aria-hidden=\"true\">\n\t\t\t\t\t\t\t\t\t\t\t\t\t\t\t<span class=\"elementor-accordion-icon-closed\"><svg class=\"e-font-icon-svg e-fas-plus\" viewbox=\"0 0 448 512\" xmlns=\"http:\/\/www.w3.org\/2000\/svg\"><path d=\"M416 208H272V64c0-17.67-14.33-32-32-32h-32c-17.67 0-32 14.33-32 32v144H32c-17.67 0-32 14.33-32 32v32c0 17.67 14.33 32 32 32h144v144c0 17.67 14.33 32 32 32h32c17.67 0 32-14.33 32-32V304h144c17.67 0 32-14.33 32-32v-32c0-17.67-14.33-32-32-32z\"><\/path><\/svg><\/span>\n\t\t\t\t\t\t\t\t<span class=\"elementor-accordion-icon-opened\"><svg class=\"e-font-icon-svg e-fas-minus\" viewbox=\"0 0 448 512\" xmlns=\"http:\/\/www.w3.org\/2000\/svg\"><path d=\"M416 208H32c-17.67 0-32 14.33-32 32v32c0 17.67 14.33 32 32 32h384c17.67 0 32-14.33 32-32v-32c0-17.67-14.33-32-32-32z\"><\/path><\/svg><\/span>\n\t\t\t\t\t\t\t\t\t\t\t\t\t\t<\/span>\n\t\t\t\t\t\t\t\t\t\t\t\t<a class=\"elementor-accordion-title\" tabindex=\"0\">K\u00f6k H\u00fccre Tedavileri Nas\u0131l \u00c7al\u0131\u015f\u0131r?<\/a>\n\t\t\t\t\t<\/h5>\n\t\t\t\t\t<div id=\"elementor-tab-content-2754\" class=\"elementor-tab-content elementor-clearfix\" data-tab=\"4\" role=\"region\" aria-labelledby=\"elementor-tab-title-2754\"><p>K\u00f6k h\u00fccreler yeni dokuya d\u00f6n\u00fc\u015fme yetene\u011fine sahiptir ve bu nedenle rejeneratif tedavilerde kullan\u0131l\u0131rlar. Sa\u011fl\u0131kl\u0131 h\u00fccreleri yenileyerek hastal\u0131kl\u0131 h\u00fccreleri de\u011fi\u015ftirmek ve sonu\u00e7 olarak hasarl\u0131 doku ve organlar\u0131 onarmaya yard\u0131mc\u0131 olmak i\u00e7in v\u00fccuda verilirler. Hasarl\u0131 doku ya\u015flanma, travma veya hastal\u0131klar\u0131n bir sonucu olabilir ve k\u00f6k h\u00fccre tedavisinin amac\u0131, bu organlar\u0131n i\u015flevlerini yerine getirmesini veya en az\u0131ndan iyile\u015fmesini sa\u011flamakt\u0131r.<\/p><\/div>\n\t\t\t\t<\/div>\n\t\t\t\t\t\t\t<div class=\"elementor-accordion-item\">\n\t\t\t\t\t<h5 id=\"elementor-tab-title-2755\" class=\"elementor-tab-title\" data-tab=\"5\" role=\"button\" aria-controls=\"elementor-tab-content-2755\" aria-expanded=\"false\">\n\t\t\t\t\t\t\t\t\t\t\t\t\t<span class=\"elementor-accordion-icon elementor-accordion-icon-left\" aria-hidden=\"true\">\n\t\t\t\t\t\t\t\t\t\t\t\t\t\t\t<span class=\"elementor-accordion-icon-closed\"><svg class=\"e-font-icon-svg e-fas-plus\" viewbox=\"0 0 448 512\" xmlns=\"http:\/\/www.w3.org\/2000\/svg\"><path d=\"M416 208H272V64c0-17.67-14.33-32-32-32h-32c-17.67 0-32 14.33-32 32v144H32c-17.67 0-32 14.33-32 32v32c0 17.67 14.33 32 32 32h144v144c0 17.67 14.33 32 32 32h32c17.67 0 32-14.33 32-32V304h144c17.67 0 32-14.33 32-32v-32c0-17.67-14.33-32-32-32z\"><\/path><\/svg><\/span>\n\t\t\t\t\t\t\t\t<span class=\"elementor-accordion-icon-opened\"><svg class=\"e-font-icon-svg e-fas-minus\" viewbox=\"0 0 448 512\" xmlns=\"http:\/\/www.w3.org\/2000\/svg\"><path d=\"M416 208H32c-17.67 0-32 14.33-32 32v32c0 17.67 14.33 32 32 32h384c17.67 0 32-14.33 32-32v-32c0-17.67-14.33-32-32-32z\"><\/path><\/svg><\/span>\n\t\t\t\t\t\t\t\t\t\t\t\t\t\t<\/span>\n\t\t\t\t\t\t\t\t\t\t\t\t<a class=\"elementor-accordion-title\" tabindex=\"0\">K\u00f6k H\u00fccre Tedavileri Ne Kadar Etkilidir?<\/a>\n\t\t\t\t\t<\/h5>\n\t\t\t\t\t<div id=\"elementor-tab-content-2755\" class=\"elementor-tab-content elementor-clearfix\" data-tab=\"5\" role=\"region\" aria-labelledby=\"elementor-tab-title-2755\"><p>Bu k\u00f6k h\u00fccre tedavilerinin \u00e7o\u011fu klinik a\u015famalar\u0131ndad\u0131r, ancak k\u00f6k h\u00fccrelerin t\u0131bb\u0131n \u00e7ehresini de\u011fi\u015ftirdi\u011fini s\u00f6ylemek g\u00fcvenlidir. Bir\u00e7ok hastay\u0131, \u00f6zellikle kanser, kalp hastal\u0131\u011f\u0131, osteoartrit, yan\u0131klar ve Parkinson hastal\u0131\u011f\u0131 gibi y\u00f6netilmesi ideal olarak zor olan di\u011fer rahats\u0131zl\u0131klardan muzdarip insanlar\u0131 etkili bir \u015fekilde tedavi etmi\u015flerdir. Ara\u015ft\u0131rmac\u0131lar hala farkl\u0131 k\u00f6k h\u00fccreleri ve bunlar\u0131n rejeneratif t\u0131p ve v\u00fccut dokusu onar\u0131m\u0131ndaki potansiyel uygulamalar\u0131n\u0131 incelemeye devam ediyor.<\/p><\/div>\n\t\t\t\t<\/div>\n\t\t\t\t\t\t\t\t<\/div>\n\t\t\t\t<\/div>\n\t\t\t\t<\/div>\n\t\t\t\t\t<\/div>\n\t\t<\/div>\n\t\t\t\t\t<\/div>\n\t\t<\/section>\n\t\t\t\t<\/div>","protected":false},"excerpt":{"rendered":"<p>FAQ\u2019s on Regenerative Medicine and Stem Cell Therapies. What are Stem Cells? Stem cells make up our tissues and organs. [&hellip;]<\/p>","protected":false},"author":1,"featured_media":0,"parent":0,"menu_order":0,"comment_status":"closed","ping_status":"closed","template":"","meta":{"site-sidebar-layout":"no-sidebar","site-content-layout":"","ast-site-content-layout":"full-width-container","site-content-style":"default","site-sidebar-style":"default","ast-global-header-display":"","ast-banner-title-visibility":"","ast-main-header-display":"","ast-hfb-above-header-display":"","ast-hfb-below-header-display":"","ast-hfb-mobile-header-display":"","site-post-title":"disabled","ast-breadcrumbs-content":"","ast-featured-img":"disabled","footer-sml-layout":"","theme-transparent-header-meta":"","adv-header-id-meta":"","stick-header-meta":"","header-above-stick-meta":"","header-main-stick-meta":"","header-below-stick-meta":"","astra-migrate-meta-layouts":"default","ast-page-background-enabled":"default","ast-page-background-meta":{"desktop":{"background-color":"var(--ast-global-color-4)","background-image":"","background-repeat":"repeat","background-position":"center center","background-size":"auto","background-attachment":"scroll","background-type":"","background-media":"","overlay-type":"","overlay-color":"","overlay-gradient":""},"tablet":{"background-color":"","background-image":"","background-repeat":"repeat","background-position":"center center","background-size":"auto","background-attachment":"scroll","background-type":"","background-media":"","overlay-type":"","overlay-color":"","overlay-gradient":""},"mobile":{"background-color":"","background-image":"","background-repeat":"repeat","background-position":"center center","background-size":"auto","background-attachment":"scroll","background-type":"","background-media":"","overlay-type":"","overlay-color":"","overlay-gradient":""}},"ast-content-background-meta":{"desktop":{"background-color":"var(--ast-global-color-5)","background-image":"","background-repeat":"repeat","background-position":"center center","background-size":"auto","background-attachment":"scroll","background-type":"","background-media":"","overlay-type":"","overlay-color":"","overlay-gradient":""},"tablet":{"background-color":"var(--ast-global-color-5)","background-image":"","background-repeat":"repeat","background-position":"center center","background-size":"auto","background-attachment":"scroll","background-type":"","background-media":"","overlay-type":"","overlay-color":"","overlay-gradient":""},"mobile":{"background-color":"var(--ast-global-color-5)","background-image":"","background-repeat":"repeat","background-position":"center center","background-size":"auto","background-attachment":"scroll","background-type":"","background-media":"","overlay-type":"","overlay-color":"","overlay-gradient":""}},"footnotes":""},"class_list":["post-4142","page","type-page","status-publish","hentry"],"_links":{"self":[{"href":"https:\/\/r3stemcell.com\/turkey\/tr\/wp-json\/wp\/v2\/pages\/4142","targetHints":{"allow":["GET"]}}],"collection":[{"href":"https:\/\/r3stemcell.com\/turkey\/tr\/wp-json\/wp\/v2\/pages"}],"about":[{"href":"https:\/\/r3stemcell.com\/turkey\/tr\/wp-json\/wp\/v2\/types\/page"}],"author":[{"embeddable":true,"href":"https:\/\/r3stemcell.com\/turkey\/tr\/wp-json\/wp\/v2\/users\/1"}],"replies":[{"embeddable":true,"href":"https:\/\/r3stemcell.com\/turkey\/tr\/wp-json\/wp\/v2\/comments?post=4142"}],"version-history":[{"count":33,"href":"https:\/\/r3stemcell.com\/turkey\/tr\/wp-json\/wp\/v2\/pages\/4142\/revisions"}],"predecessor-version":[{"id":6153,"href":"https:\/\/r3stemcell.com\/turkey\/tr\/wp-json\/wp\/v2\/pages\/4142\/revisions\/6153"}],"wp:attachment":[{"href":"https:\/\/r3stemcell.com\/turkey\/tr\/wp-json\/wp\/v2\/media?parent=4142"}],"curies":[{"name":"wp","href":"https:\/\/api.w.org\/{rel}","templated":true}]}}